{"id":224,"date":"2008-06-16T03:17:11","date_gmt":"2008-06-16T02:17:11","guid":{"rendered":"http:\/\/www.die-rumtreiber.net\/?page_id=224"},"modified":"2010-11-09T19:07:05","modified_gmt":"2010-11-09T18:07:05","slug":"impressum","status":"publish","type":"page","link":"https:\/\/www.die-rumtreiber.net\/?page_id=224","title":{"rendered":"Impressum"},"content":{"rendered":"<p><strong>Achtung:<\/strong> Die hier angegebenen Kontaktdaten sind ausschlie\u00dflich zur Kontaktaufnahme bez\u00fcglich rechtlicher und inhaltlicher Themen gedacht. Einer Aufnahme in Verzeichnisse und Datenbanken wird gem\u00e4\u00df \u00a728 BDSG <ins datetime=\"2005-06-02T08:53:09+00:00\">ausdr\u00fccklich widersprochen<\/ins>. Die Nutzung dieser Kontaktdaten f\u00fcr gewerbliche und werbende Zwecke wird kostenpflichtig angezeigt.<\/p>\n<p>&#8222;Die Rumtreiber&#8220; is ein Webblog, administriert und begr\u00fcndet von:<\/p>\n<p>Nils Fischer<br \/>\nBrekelbaums Park 5<br \/>\n20537 Hamburg<\/p>\n<p>Sie erreichen mich am schnellsten per E-Mail \u00fcber:<\/p>\n<p>&#8222;info at die-rumtreiber dot net&#8220;<\/p>\n<p>Diese Website dient der Information ohne kommerzielle oder gewerbliche Absichten.<\/p>\n<p>S\u00e4mtliche Beitr\u00e4ge geben ausschlie\u00dflich die Auffassung des jeweiligen Verfassers wieder. Dies gilt insbesondere f\u00fcr die mittels der Kommentar-Funktion erstellten Diskussions-Beitr\u00e4ge. Der Betreiber beh\u00e4lt sich die L\u00f6schung einzelner Beitr\u00e4ge und die Sperrung der Kommentar-Funktion vor.<\/p>\n<p>Die Rechte an jeglichen Bildern und Texten der Seite liegen beim Betreiber der Seite bzw. dem Urheber.<\/p>\n","protected":false},"excerpt":{"rendered":"<p>Achtung: Die hier angegebenen Kontaktdaten sind ausschlie\u00dflich zur Kontaktaufnahme bez\u00fcglich rechtlicher und inhaltlicher Themen gedacht. Einer Aufnahme in Verzeichnisse und Datenbanken wird gem\u00e4\u00df \u00a728 BDSG ausdr\u00fccklich widersprochen. Die Nutzung dieser Kontaktdaten f\u00fcr gewerbliche und werbende Zwecke wird kostenpflichtig angezeigt. &#8222;Die Rumtreiber&#8220; is ein Webblog, administriert und begr\u00fcndet von: Nils Fischer Brekelbaums Park 5 20537 Hamburg [&hellip;]<\/p>\n","protected":false},"author":10,"featured_media":0,"parent":0,"menu_order":0,"comment_status":"open","ping_status":"open","template":"","meta":{"footnotes":""},"class_list":["post-224","page","type-page","status-publish","hentry"],"_links":{"self":[{"href":"https:\/\/www.die-rumtreiber.net\/index.php?rest_route=\/wp\/v2\/pages\/224","targetHints":{"allow":["GET"]}}],"collection":[{"href":"https:\/\/www.die-rumtreiber.net\/index.php?rest_route=\/wp\/v2\/pages"}],"about":[{"href":"https:\/\/www.die-rumtreiber.net\/index.php?rest_route=\/wp\/v2\/types\/page"}],"author":[{"embeddable":true,"href":"https:\/\/www.die-rumtreiber.net\/index.php?rest_route=\/wp\/v2\/users\/10"}],"replies":[{"embeddable":true,"href":"https:\/\/www.die-rumtreiber.net\/index.php?rest_route=%2Fwp%2Fv2%2Fcomments&post=224"}],"version-history":[{"count":2,"href":"https:\/\/www.die-rumtreiber.net\/index.php?rest_route=\/wp\/v2\/pages\/224\/revisions"}],"predecessor-version":[{"id":995,"href":"https:\/\/www.die-rumtreiber.net\/index.php?rest_route=\/wp\/v2\/pages\/224\/revisions\/995"}],"wp:attachment":[{"href":"https:\/\/www.die-rumtreiber.net\/index.php?rest_route=%2Fwp%2Fv2%2Fmedia&parent=224"}],"curies":[{"name":"wp","href":"https:\/\/api.w.org\/{rel}","templated":true}]}}